{"id":545,"date":"2018-10-01T15:32:02","date_gmt":"2018-10-01T13:32:02","guid":{"rendered":"http:\/\/www.georgesepp.com\/?page_id=545"},"modified":"2019-12-17T20:16:15","modified_gmt":"2019-12-17T19:16:15","slug":"cv","status":"publish","type":"page","link":"https:\/\/www.georgesepp.com\/index.php\/cv\/","title":{"rendered":"CV"},"content":{"rendered":"<table width=\"110%\">\n<tbody>\n<tr>\n<td width=\"180\">\n<h5><em><strong><span style=\"color: #008000;\">COUVERTURE CD<\/span><\/strong><\/em><\/h5>\n<p>ALBUM\u00a0:\u00a0\u00a0\u00a0\u00a0\u00a0 NIGHT\u2019S DREAM pour le label MAGUELONE<\/p>\n<p>Marianne Piketty &amp; Pascal Contet<\/p>\n<p><strong><em><span style=\"color: #008000;\">EXPOSITION DE GEORGES EPP<\/span><\/em><\/strong><\/p>\n<p>Festival Mon Bel Accord\u00e9on 2004 Malakoff (92)<\/p>\n<p>&nbsp;<\/p>\n<p>Festival du Hameau Fleuri 2016 \u00e0 Villers-sur Mer (14)<\/p>\n<p>&nbsp;<\/p>\n<p>Festival FORT en MUSIQUE 2018 \u00e0 Giromagny (90)<\/p>\n<p>&nbsp;<\/p>\n<p>Bar le ONE WAY 2018 Paris 75003<\/p>\n<p>&nbsp;<\/p>\n<p><strong><span style=\"color: #ff6600;\">COORDONN\u00c9ES<\/span><\/strong><\/p>\n<p>Mail\u00a0: <a href=\"mailto:ge.epp@me.com\">ge.epp@me.com<\/a><\/p>\n<p>Site\u00a0: georges epp<\/p>\n<p>Tel : 06 77 75 03 96<\/p>\n<p>&nbsp;<\/td>\n<td width=\"567\">\n<table style=\"height: 116px;\" width=\"503\">\n<tbody>\n<tr>\n<td width=\"515\">\n<h2 style=\"text-align: center;\"><span style=\"color: #33cccc;\"><strong>GEORGES EPP<\/strong><\/span><\/h2>\n<h2 style=\"text-align: center;\"><span style=\"color: #33cccc;\"><strong> PHOTOGRAPHE<\/strong><\/span><\/h2>\n<h2><\/h2>\n<\/td>\n<\/tr>\n<\/tbody>\n<\/table>\n<h3><strong><span style=\"color: #0000ff;\"><em>PRESENTATION<\/em><\/span><\/strong><\/h3>\n<p>Depuis l\u2019\u00e2ge de 14 ans, j\u2019ai toujours \u00e9t\u00e9 attir\u00e9 par la photographie.<\/p>\n<p>Si on parle de technique de prises, c\u2019est celle qui consiste \u00e0 prendre sur le vif, bloquer l\u2019instant \u00e9ph\u00e9m\u00e8re d\u2019une seconde de notre vie et voir ce qu\u2019il en d\u00e9coule et ce qu\u2019il en reste.<\/p>\n<p>J\u2019aime aller me cacher, disparaitre pour mieux int\u00e9grer l\u2019intimit\u00e9 ou immortaliser la surprise.<\/p>\n<p>C\u2019est un pur bonheur d\u2019attraper ces instants de portraits anonymes, familiaux ou amicaux.<\/p>\n<p>Je ne retouche pas mes photos, je les pr\u00e9f\u00e8re naturelles.<\/p>\n<p>J\u2019aime jouer avec ce que le regard m\u2019offre.<\/p>\n<h3><strong><em><span style=\"color: #0000ff;\">PHOTOGRAPHE DE PLATEAU<\/span><\/em><\/strong><\/h3>\n<p>Il en va de m\u00eame\u00a0: rester naturel, capter l\u2019instant des spectacles et des cr\u00e9ations artistiques comme ceux que j\u2019ai pu faire avec <strong>MARIE-CHRISTINE BARRAULT<\/strong> (Au-del\u00e0 de l\u2019horizon) <strong>GUESCH PATTI, FRANCOIS MARTHOURET, PASCAL CONTET, JIN XING<\/strong>, et <strong>MIGUEL CHEVALIER<\/strong> spectacle num\u00e9rique &lt;&lt; L\u2019origine du Monde &gt;&gt; \u00e0 Istanbul, Berlin, Maubeuge, Lyon, <strong>ANNE GRAVOIN<\/strong> et le <strong>Travelling Quartet<\/strong> &amp; <strong>PASCAL CONTET<\/strong> &lt;&lt; Influences Latines&gt;&gt;<\/p>\n<p>Les d\u00e9fil\u00e9s Haute-Couture de <strong>FRANK<\/strong> <strong>SORBIER.<\/strong><\/p>\n<p><strong>YVETTE HORNER et PASCAL CONTET,<\/strong> Double Jeux.<\/p>\n<p><strong>\u00a0<\/strong><\/p>\n<p>Pour la<strong> presse<\/strong>, quelques parutions\u00a0: la Revue du spectacle, L\u2019Est R\u00e9publicain, La Terrasse, Le Figaro, T\u00e9l\u00e9rama, Le Monde, Journaux et magazines Finlandais, Italien, Allemand, Suisse. Photographies pour les <strong>Affiches de Festival<\/strong>\u00a0: Tourn\u00e9e &lt;&lt; Doubles Jeux&gt;&gt; Festival Des Rives d\u2019Accord\u00e9on 2006-Parc de la Villette, Paris, Musique en Sc\u00e8ne \u2013 Grame de Lyon 2016 (Affichage Public <strong>JC Decaux<\/strong>), Influences Latines, entres autres.<\/p>\n<p><strong>\u00a0<\/strong><\/p>\n<p><em><span style=\"color: #0000ff;\"><strong><u>PROGRAMMES<\/u>\u00a0: <\/strong><\/span><\/em><\/p>\n<p>Tourn\u00e9e en France et au Mexique\u00a0: Le Vent des Anches<\/p>\n<p>Tourn\u00e9e Casino Barri\u00e8re (Influences Latines)<\/p>\n<p>Festival Mon Bel Accord\u00e9on Sc\u00e8ne Nationale de Malakoff 2003-2005<\/p>\n<p>Maison de la Culture d\u2019Amiens (80)- Sc\u00e8ne Nationale<\/p>\n<p>Le Man\u00e8ge \u2013 Sc\u00e8ne Nationale de Maubeuge (51)<\/p>\n<p>Tourn\u00e9e Influences Latines<\/p>\n<p>Le Man\u00e8ge \u2013 Sc\u00e8ne Nationale de Reims (51)<\/p>\n<p>Parc de la Villette, Paris<\/p>\n<p>&nbsp;<\/p>\n<p>La photographie est le prolongement de mon regard, j\u2019observe simplement.<\/p>\n<p>&nbsp;<\/p>\n<p>&nbsp;<\/p>\n<p>&nbsp;<\/p>\n<p>&nbsp;<\/p>\n<p><strong><u>\u00a0<\/u><\/strong><\/p>\n<p>&nbsp;<\/td>\n<\/tr>\n<\/tbody>\n<\/table>\n","protected":false},"excerpt":{"rendered":"<p>COUVERTURE CD ALBUM\u00a0:\u00a0\u00a0\u00a0\u00a0\u00a0 NIGHT\u2019S DREAM pour le label MAGUELONE Marianne Piketty &amp; Pascal Contet EXPOSITION DE GEORGES EPP Festival Mon Bel Accord\u00e9on 2004 Malakoff (92) &nbsp; Festival du Hameau Fleuri 2016 \u00e0 Villers-sur Mer (14) &nbsp; Festival FORT en MUSIQUE 2018 \u00e0 Giromagny (90) &nbsp; Bar le ONE WAY 2018 Paris 75003 &nbsp; COORDONN\u00c9ES Mail\u00a0: [&hellip;]<\/p>\n","protected":false},"author":1,"featured_media":0,"parent":0,"menu_order":0,"comment_status":"closed","ping_status":"closed","template":"","meta":{"_bbp_topic_count":0,"_bbp_reply_count":0,"_bbp_total_topic_count":0,"_bbp_total_reply_count":0,"_bbp_voice_count":0,"_bbp_anonymous_reply_count":0,"_bbp_topic_count_hidden":0,"_bbp_reply_count_hidden":0,"_bbp_forum_subforum_count":0,"footnotes":""},"jetpack_sharing_enabled":true,"_links":{"self":[{"href":"https:\/\/www.georgesepp.com\/index.php\/wp-json\/wp\/v2\/pages\/545"}],"collection":[{"href":"https:\/\/www.georgesepp.com\/index.php\/wp-json\/wp\/v2\/pages"}],"about":[{"href":"https:\/\/www.georgesepp.com\/index.php\/wp-json\/wp\/v2\/types\/page"}],"author":[{"embeddable":true,"href":"https:\/\/www.georgesepp.com\/index.php\/wp-json\/wp\/v2\/users\/1"}],"replies":[{"embeddable":true,"href":"https:\/\/www.georgesepp.com\/index.php\/wp-json\/wp\/v2\/comments?post=545"}],"version-history":[{"count":10,"href":"https:\/\/www.georgesepp.com\/index.php\/wp-json\/wp\/v2\/pages\/545\/revisions"}],"predecessor-version":[{"id":557,"href":"https:\/\/www.georgesepp.com\/index.php\/wp-json\/wp\/v2\/pages\/545\/revisions\/557"}],"wp:attachment":[{"href":"https:\/\/www.georgesepp.com\/index.php\/wp-json\/wp\/v2\/media?parent=545"}],"curies":[{"name":"wp","href":"https:\/\/api.w.org\/{rel}","templated":true}]}}